{"id":368,"date":"2023-10-07T15:26:26","date_gmt":"2023-10-07T06:26:26","guid":{"rendered":"http:\/\/shiraichimachiya.net\/?page_id=368"},"modified":"2024-05-01T13:43:11","modified_gmt":"2024-05-01T04:43:11","slug":"french","status":"publish","type":"page","link":"https:\/\/shiraichimachiya.net\/?page_id=368","title":{"rendered":"French"},"content":{"rendered":"<h3 class=\"paragraph\"><b class=\"character\" style=\"color : #a62424;\">Bienvenue \u00e0 SHIRAICHI<\/b><\/h3>\n<h3 class=\"paragraph\">\u00c0 environ 40 kilom\u00e8tres \u00e0 l&#8217;est de la ville d\u2019Hiroshima et \u00e0 proximit\u00e9 du pays du sak\u00e9 Saijo, le quartier Shiraichi, de la ville de Higashi-Hiroshima abrite la maison traditionnelle de la famille Kihara, d\u00e9sign\u00e9e comme bien culturel important du pays, ainsi que des maisons traditionnelles aux tuiles rouges de l\u2019\u00e9poque Edo, Meiji, Taisho et Showa. Ces constructions racontent l&#8217;histoire et la culture de ce quartier Shiraichi.L\u2019Association Pr\u00e9servation de Shiraichi Machiya (maison traditionnelle) a pour projet de revitaliser son territoire r\u00e9gional, en pr\u00e9servant, r\u00e9novant et utilisant ces anciennes maisons appartenant \u00e0 son patrimoine. Le premier \u00e9v\u00e9nement aura lieu le dimanche 29 octobre 2023, avec une visite des maisons traditionnelles de Shiraichi des p\u00e9riodes Edo, Meiji et Taisho, et une conf\u00e9rence anim\u00e9e par Monsieur Yoshitaka WATANABE, dont les th\u00e8mes abord\u00e9s sont :    &#8220;Que se passe-t-il lorsque nous pr\u00e9servons les anciens b\u00e2timents ? &#8211; Plans de revitalisation r\u00e9gionale   &#8221; De l&#8217;importance de la pr\u00e9servation de l&#8217;architecture traditionnelle japonaise moderne et de la participation des r\u00e9sidents   &#8220;.<\/h3>\n<h3 class=\"paragraph\"><\/h3>\n","protected":false},"excerpt":{"rendered":"<p>Bienvenue \u00e0 SHIRAICHI \u00c0 environ 40 kilom\u00e8tres \u00e0 l&#8217;est de la ville d\u2019Hiroshima et \u00e0 proximit\u00e9 du pays du sak\u00e9 Saijo, le quartier Shiraichi, de la ville de Higashi-Hiroshima abrite la maison traditionnelle de la famille Kihara, d\u00e9sign\u00e9e comme bien culturel important du pays, ainsi que des maisons traditionnelles aux tuiles rouges de l\u2019\u00e9poque Edo, Meiji, Taisho et Showa. Ces constructions racontent l&#8217;histoire et la culture de ce quartier Shiraichi.L\u2019Association Pr\u00e9servation de Shiraichi Machiya (maison traditionnelle) a pour projet de revitaliser son territoire r\u00e9gional, en pr\u00e9servant, r\u00e9novant et utilisant ces anciennes maisons appartenant \u00e0 son patrimoine. Le premier \u00e9v\u00e9nement aura lieu le dimanche 29 octobre 2023, avec une visite des [&hellip;]<\/p>\n","protected":false},"author":1,"featured_media":0,"parent":0,"menu_order":0,"comment_status":"close","ping_status":"open","template":"information.php","meta":{"footnotes":""},"class_list":["post-368","page","type-page","status-publish","hentry"],"_links":{"self":[{"href":"https:\/\/shiraichimachiya.net\/index.php?rest_route=\/wp\/v2\/pages\/368","targetHints":{"allow":["GET"]}}],"collection":[{"href":"https:\/\/shiraichimachiya.net\/index.php?rest_route=\/wp\/v2\/pages"}],"about":[{"href":"https:\/\/shiraichimachiya.net\/index.php?rest_route=\/wp\/v2\/types\/page"}],"author":[{"embeddable":true,"href":"https:\/\/shiraichimachiya.net\/index.php?rest_route=\/wp\/v2\/users\/1"}],"replies":[{"embeddable":true,"href":"https:\/\/shiraichimachiya.net\/index.php?rest_route=%2Fwp%2Fv2%2Fcomments&post=368"}],"version-history":[{"count":52,"href":"https:\/\/shiraichimachiya.net\/index.php?rest_route=\/wp\/v2\/pages\/368\/revisions"}],"predecessor-version":[{"id":927,"href":"https:\/\/shiraichimachiya.net\/index.php?rest_route=\/wp\/v2\/pages\/368\/revisions\/927"}],"wp:attachment":[{"href":"https:\/\/shiraichimachiya.net\/index.php?rest_route=%2Fwp%2Fv2%2Fmedia&parent=368"}],"curies":[{"name":"wp","href":"https:\/\/api.w.org\/{rel}","templated":true}]}}